{"id":4773,"date":"2025-01-17T16:27:51","date_gmt":"2025-01-17T16:27:51","guid":{"rendered":"https:\/\/beside-project.eu\/?page_id=4773"},"modified":"2026-03-17T12:27:23","modified_gmt":"2026-03-17T12:27:23","slug":"elementor-4773","status":"publish","type":"page","link":"https:\/\/beside-project.eu\/index.php\/elementor-4773\/","title":{"rendered":"Publications"},"content":{"rendered":"\t\t<div data-elementor-type=\"wp-page\" data-elementor-id=\"4773\" class=\"elementor elementor-4773\">\n\t\t\t\t\t\t<section class=\"elementor-section elementor-top-section elementor-element elementor-element-1420dd9 elementor-section-boxed elementor-section-height-default elementor-section-height-default\" data-id=\"1420dd9\" data-element_type=\"section\" data-settings=\"{&quot;background_background&quot;:&quot;slideshow&quot;,&quot;background_slideshow_gallery&quot;:[{&quot;id&quot;:4786,&quot;url&quot;:&quot;https:\\\/\\\/beside-project.eu\\\/wp-content\\\/uploads\\\/2025\\\/01\\\/set-opened-books.jpg&quot;}],&quot;background_slideshow_loop&quot;:&quot;yes&quot;,&quot;background_slideshow_slide_duration&quot;:5000,&quot;background_slideshow_slide_transition&quot;:&quot;fade&quot;,&quot;background_slideshow_transition_duration&quot;:500}\">\n\t\t\t\t\t\t\t<div class=\"elementor-background-overlay\"><\/div>\n\t\t\t\t\t\t\t<div class=\"elementor-container elementor-column-gap-default\">\n\t\t\t\t\t<div class=\"elementor-column elementor-col-100 elementor-top-column elementor-element elementor-element-946dbf0\" data-id=\"946dbf0\" data-element_type=\"column\">\n\t\t\t<div class=\"elementor-widget-wrap elementor-element-populated\">\n\t\t\t\t\t\t<div class=\"elementor-element elementor-element-2016ac7 elementor-widget elementor-widget-heading\" data-id=\"2016ac7\" data-element_type=\"widget\" data-widget_type=\"heading.default\">\n\t\t\t\t<div class=\"elementor-widget-container\">\n\t\t\t\t\t<h1 class=\"elementor-heading-title elementor-size-default\">BESIDE Publications<\/h1>\t\t\t\t<\/div>\n\t\t\t\t<\/div>\n\t\t\t\t<div class=\"elementor-element elementor-element-e3667a2 elementor-widget elementor-widget-heading\" data-id=\"e3667a2\" data-element_type=\"widget\" data-widget_type=\"heading.default\">\n\t\t\t\t<div class=\"elementor-widget-container\">\n\t\t\t\t\t<h6 class=\"elementor-heading-title elementor-size-default\">Catalogue of papers published by BESIDE researchers<\/h6>\t\t\t\t<\/div>\n\t\t\t\t<\/div>\n\t\t\t\t\t<\/div>\n\t\t<\/div>\n\t\t\t\t\t<\/div>\n\t\t<\/section>\n\t\t\t\t<section class=\"elementor-section elementor-top-section elementor-element elementor-element-33a844c elementor-section-boxed elementor-section-height-default elementor-section-height-default\" data-id=\"33a844c\" data-element_type=\"section\">\n\t\t\t\t\t\t<div class=\"elementor-container elementor-column-gap-default\">\n\t\t\t\t\t<div class=\"elementor-column elementor-col-100 elementor-top-column elementor-element elementor-element-eadcb52\" data-id=\"eadcb52\" data-element_type=\"column\">\n\t\t\t<div class=\"elementor-widget-wrap\">\n\t\t\t\t\t\t\t<\/div>\n\t\t<\/div>\n\t\t\t\t\t<\/div>\n\t\t<\/section>\n\t\t\t\t<section class=\"elementor-section elementor-top-section elementor-element elementor-element-8f7d3fb elementor-section-boxed elementor-section-height-default elementor-section-height-default\" data-id=\"8f7d3fb\" data-element_type=\"section\">\n\t\t\t\t\t\t<div class=\"elementor-container elementor-column-gap-default\">\n\t\t\t\t\t<div class=\"elementor-column elementor-col-100 elementor-top-column elementor-element elementor-element-f5d75bd\" data-id=\"f5d75bd\" data-element_type=\"column\">\n\t\t\t<div class=\"elementor-widget-wrap elementor-element-populated\">\n\t\t\t\t\t\t<div class=\"elementor-element elementor-element-4368d3d elementor-widget elementor-widget-text-editor\" data-id=\"4368d3d\" data-element_type=\"widget\" data-widget_type=\"text-editor.default\">\n\t\t\t\t<div class=\"elementor-widget-container\">\n\t\t\t\t\t\t\t\t\t<ul><li><a href=\"https:\/\/www.mdpi.com\/2071-1050\/18\/5\/2318\" target=\"_blank\" rel=\"noopener\">A Systematic Literature Review of Digital Supply Chains and Logistics 4.0 for Sustainability and Circular Economy<\/a> &#8211; lisabeth T. pereira, Muhammad Noman Shafique, <em>Helena Vieira, Pedro Costa, Jo\u00e3o C.O. Matias and Nina Szcaygiel<\/em><\/li><li><a href=\"https:\/\/www.mdpi.com\/1660-3397\/23\/8\/318\" target=\"_blank\" rel=\"noopener\">Marine-derived collagen and chitosan: perspectives on applications using the lens of UN SDGs and Blue Bioeconomy strategies<\/a> &#8211; <em>Mariana Almeida and Helena Vieira<\/em><\/li><li><a href=\"https:\/\/doi.org\/10.3389\/fmars.2025.1648508\" target=\"_blank\" rel=\"noopener\">Blue economy concepts are lagging behind in ocean literacy<\/a> &#8211; <em>Mariana Almeida, Dion\u00edsia Laranjeiro, Raquel Costa, Ana Lilleb\u00f8 and Helena Vieira<\/em><\/li><li><a href=\"https:\/\/www.mdpi.com\/2071-1050\/17\/15\/6749\" target=\"_blank\" rel=\"noopener\">Holding Sustainability promises in Politics: Trends in Ecosystem and Resource management in Electoral Party Manifestos<\/a> &#8211; <em>Gon\u00e7alo Br\u00e1s, Ana Lilleb\u00f8 and Helena Vieira<\/em><\/li><li><a href=\"https:\/\/www.mdpi.com\/2071-1050\/17\/14\/6321\" target=\"_blank\" rel=\"noopener\">Stakeholders\u2019 Views on a Decadal Evolution of a Southwestern European Coastal Lagoon<\/a> &#8211; <em>Mariana Pinho, Daniel Crespo, Dion\u00edsia Laranjeiro, Ana Lilleb\u00f8<\/em><\/li><li><a href=\"https:\/\/ria.ua.pt\/bitstream\/10773\/45235\/1\/134784.pdf\" target=\"_blank\" rel=\"noopener\">Generative AI in climate change communication and education<\/a> &#8211; <em>Dion\u00edsia Laranjeiro, Ana Lilleb\u00f8 and Helena Vieira<\/em><\/li><li><p><a href=\"https:\/\/www.mdpi.com\/1660-3397\/23\/2\/89\" target=\"_blank\" rel=\"noopener\">Living Coral Displays, Research Laboratories, and Biobanks as Important Reservoirs of Chemodiversity with Potential for Biodiscovery<\/a> &#8211; <em><span style=\"font-size: 16px;\">Ricardo Calado, Miguel Leal, Ruben Silva, Mara Borba, Ant\u00f3nio Ferro, Mariana Almeida, Diana Madeira and Helena Vieira<\/span><\/em><\/p><\/li><li><a href=\"https:\/\/www.sciencedirect.com\/science\/article\/pii\/S0308597X2400575X?via%3Dihub\" target=\"_blank\" rel=\"noopener\">Policy impacts of intellectual property and academic research trends in marine-derived collagen and chitin\/chitosan value chains<\/a> &#8211; <em>HelenaVieira, Mariana\u00a0Almeida<sup>, <\/sup>Muhammad Noman\u00a0Shafique<sup>, <\/sup>Miguel C.\u00a0Leal, Ana I.\u00a0Lilleb\u00f8<\/em><\/li><li><a href=\"https:\/\/www.mdpi.com\/2071-1050\/17\/12\/5537\" target=\"_blank\" rel=\"noopener\">An Overview of Critical Success Factors for Digital Shipping Corridors: A Roadmap for Maritime Logistics Modernization<\/a> \u2013 <em>Seyeded Azadeh Alavi-Borazjani, Alberto Antonio Bengue, Valentina Chkoniya and Muhammad Noman Shafique<\/em><\/li><li><div><a href=\"https:\/\/www.mdpi.com\/1999-4907\/16\/3\/501\" target=\"_blank\" rel=\"noopener\">Assessing Forestry Needs and Challenges in Portugal: Insights from the Sector Interested Parties <\/a><i>&#8211; Sofia Corticeiro, Helena Vieira, Mariana Almeida, Dion\u00edsia Laranjeiro, Ana Lilleb\u00f8, and Bruna Oliveira<\/i><\/div><\/li><li><p style=\"font-weight: 400;\"><a href=\"https:\/\/www.mdpi.com\/2072-4292\/17\/1\/51\" target=\"_blank\" rel=\"noopener\">The Detection of Small-Scale Open-Burning Agriculture Fires Through Remote Sensing<\/a> &#8211; <em>Eduardo Oliveira, B\u00e1rbara Silva, Diogo Lopes, Sofia Corticeiro, F\u00e1tima Alves, Leonardo Disperati, Carla Gama<\/em><\/p><\/li><li><div><a href=\"https:\/\/www.sciencedirect.com\/science\/article\/pii\/S0301479725014446\" target=\"_blank\" rel=\"noopener\">The needs and challenges of the Blue Economy sector in Portugal: bridging national and European strategies with the perceptions of the stakeholders<\/a><i> &#8211; Mariana Almeida, Sofia Corticeiro, Bruna Oliveira, Dion\u00edsia Laranjeiro, Ana Lilleb\u00f8, and Helena Vieira<\/i><\/div><\/li><li><div><a href=\"https:\/\/www.mdpi.com\/1660-3397\/23\/1\/2\" target=\"_blank\" rel=\"noopener\">How Significant Are Marine Invertebrate Collagens? Exploring Trends in Research and Innovation<\/a><i> &#8211; Mariana Almeida, Tiago Silva, Runar Solstad, Ana Lilleb\u00f8, Ricardo Calado, and Helena Vieira<\/i><\/div><\/li><li><a href=\"https:\/\/link.springer.com\/chapter\/10.1007\/978-981-97-4152-6_14\" target=\"_blank\" rel=\"noopener\">Leveraging the Synergy of Supply Chain Analytics, Visibility, Innovation, and Collaboration to Improve Environmental and Financial Performance: An Empirical Investigation<\/a> &#8211; Muhammad Noman Shafique and Elisabeth Pereira<\/li><li><div><a href=\"https:\/\/www.mdpi.com\/2071-1050\/16\/22\/9952\" target=\"_blank\" rel=\"noopener\">The Synergy Between Industry 5.0 and Circular Economy for Sustainable Performance in the Chinese Manufacturing Industry<\/a><i> &#8211; Muhammad Noman Shafique, \u00a0Umar Adeel and Ammar Rashid<\/i><\/div><\/li><li><a href=\"https:\/\/annforsci.biomedcentral.com\/articles\/10.1186\/s13595-024-01267-2\" target=\"_blank\" rel=\"noopener\">Ex situ germination of European acorns: data from 93 batches of 12 Quercus species<\/a> &#8211; <em>Mar\u00eda Medina,\u00a0Marino P. Reyes-Mart\u00edn, Laura Levy,\u00a0&#8230;, Sofia Corticeiro,&#8230;<\/em>,\u00a0<em>Alexandro B. Leverkus\u00a0<\/em><\/li><li><div><a href=\"https:\/\/link.springer.com\/chapter\/10.1007\/978-981-96-3081-3_9\" target=\"_blank\" rel=\"noopener\">Logistics 4.0 and Digital Supply Chain: A Systematic Review<\/a> &#8211; <em>Mohamed Noman Shafique, Zeeshan Arshad, Seyedeh Azadeh Alavi-Borazjani, Elisabeth T. Pereira, Valentina Chkoniya<\/em><\/div><\/li><li><p style=\"font-weight: 400;\"><a href=\"https:\/\/www.sciencedirect.com\/science\/article\/pii\/S2773032824000269\" target=\"_blank\" rel=\"noopener\">Decoding sustainable growth: The role of digital technology and entrepreneurship in carbon reduction<\/a> &#8211; <em>Zeeshan\u00a0Arshad,\u00a0Mara\u00a0Madaleno,\u00a0Ana I\u00a0Lilleb\u00f8,\u00a0Helena\u00a0Vieira<\/em><\/p><\/li><li><p style=\"font-weight: 400;\"><a style=\"font-size: 1rem;\" href=\"https:\/\/www.sciencedirect.com\/science\/article\/pii\/S2405844024094829?via%3Dihub\" target=\"_blank\" rel=\"noopener\">Digitalization&#8217;s contribution towards sustainable development and climate change mitigation: An empirical evidence<\/a> <a style=\"font-size: 1rem;\" href=\"https:\/\/www.sciencedirect.com\/science\/article\/pii\/S2405844024094829?via%3Dihub\" target=\"_blank\" rel=\"noopener\">from EU economies<\/a>\u00a0&#8211; Z<em>eeshan Arshad, Mara Madaleno, Ana I. Lilleb\u00f8, Helena Vieira<\/em><\/p><\/li><li>\u00a0<a href=\"https:\/\/onlinelibrary.wiley.com\/doi\/10.1002\/sd.3203\" target=\"_blank\" rel=\"noopener\">Current climate action trends in party\u2010political manifestos: A content analysis provides hints to move forward<\/a>\u00a0&#8211;<i>\u00a0Gon\u00e7alo Rodrigues Br\u00e1s, Ana Lilleb\u00f8, Helena Vieira<\/i><\/li><li><a href=\"https:\/\/www.cambridge.org\/core\/journals\/ps-political-science-and-politics\/article\/local-transparency-are-nonpartisan-mayors-making-the-difference\/C49AA2F0FFC0E7EA4940E8FCEE6CA91C\" target=\"_blank\" rel=\"noopener\">Local Transparency: Are Non-Partisan Mayors Making the Difference?<\/a>\u00a0&#8211;\u00a0<i>Gon\u00e7alo Rodrigues Br\u00e1s, Soraia Pereira, Kathleen M. Dowley<\/i><\/li><li><p style=\"font-weight: 400;\"><a href=\"https:\/\/link.springer.com\/article\/10.1007\/s10098-025-03185-x\" target=\"_blank\" rel=\"noopener\">Green trading mechanisms, carbon taxation, and technology integration: achieving the carbon neutrality ambition in OECD countries<\/a> &#8211; Mubeen Abdur Rehman, Shujaat Abbas, Zeeshan Arshad,\u00a0Farrukh Shahzad, Zeeshan Fareed, Yong Yan<\/p><\/li><li><a href=\"https:\/\/www.sciencedirect.com\/science\/article\/pii\/S2667010024001446?via%3Dihub\" target=\"_blank\" rel=\"noopener\">National innovation systems and sustainable environmental performance: A cross country analysis<\/a>\u00a0<i>&#8211; Gon\u00e7alo Rodrigues Br\u00e1s, Margarita Robaina<br \/><\/i><\/li><li><a href=\"https:\/\/www.frontiersin.org\/journals\/forests-and-global-change\/articles\/10.3389\/ffgc.2024.1464837\/full\" target=\"_blank\" rel=\"noopener\">Forest certification and economic insights: a European perspective<\/a><i>\u00a0&#8211; Sofia Corticeiro, Gon\u00e7alo Br\u00e1s, Margarida Tom\u00e9, Ana Lilleb\u00f8, Helena Vieira<\/i><\/li><li><a href=\"https:\/\/onlinelibrary.wiley.com\/doi\/10.1002\/sd.3038\" target=\"_blank\" rel=\"noopener\">Synergizing social sustainability and technological innovation for carbon neutrality in OECD economies<\/a>\u00a0<i>&#8211; Yiwen Wang, Nadia Hanif, Noman Arshed, Muzzammil Hussain, Zeeshan Arshad, Muhammad Usman<\/i><\/li><li><p style=\"font-weight: 400;\"><a href=\"https:\/\/www.publish.csiro.au\/WF\/WF24042\" target=\"_blank\" rel=\"noopener\">An integrated framework for habitat restoration in fire-prone areas: part 1 \u2013 co-creation of land management scenarios<\/a><strong> &#8211; <\/strong><em>P. Maia, S. Corticeiro, R. Vaz, P. M. Fernandes, S. Valente, J. Keize, S. C. Pereira\u00a0and D. Carvalho<\/em><\/p><\/li><li><a href=\"https:\/\/www.mdpi.com\/1999-4907\/14\/10\/1958\" target=\"_blank\" rel=\"noopener\">How Weed Control Affects Eucalyptus globulus Labill. Productivity: Results from Two Long-Term Trials<\/a><i>\u00a0&#8211; Sofia Corticeiro, Paula Maia, Catarina Gon\u00e7alves, Jan Jacob Keizer, Carlos Valente<\/i><\/li><li><a style=\"font-style: inherit;\" href=\"https:\/\/yadda.icm.edu.pl\/baztech\/element\/bwmeta1.element.baztech-1fc04c46-7008-41a3-842d-a45e556b3a1e\" target=\"_blank\" rel=\"noopener\">Assessing Forest Conservation Strategies for Biodiversity Restoration and Sustainable Development: A Comparative Analysis of Global Income Groups<\/a> &#8211; <em>Rima H. Binsaeed, Abdelmohsen A. Nassani, Khalid Zaman, Zeeshan Arshad, Mohamed Haffar, Dadang Yunus Lutfiansyah, Kamalularifin Subari, Hailan Salamun<\/em><\/li><li><a href=\"https:\/\/www.frontiersin.org\/journals\/marine-science\/articles\/10.3389\/fmars.2023.1086135\/full\" target=\"_blank\" rel=\"noopener\">A spatial explicit vulnerability assessment for a coastal socio-ecological Natura 2000 site<\/a><i>\u00a0&#8211; Ana Genua-Olmedo, Gregory M. Verutes, Heliana Teixeira, Ana I. Sousa, Ana I. Lilleb\u00f8<\/i><\/li><li><a href=\"https:\/\/www.mdpi.com\/2071-1050\/15\/15\/11979\" target=\"_blank\" rel=\"noopener\">Transforming Supply Chains: Powering Circular Economy with Analytics, Integration and Flexibility Using Dual Theory and Deep Learning with PLS-SEM-ANN Analysis<\/a>\u00a0&#8211;<i> Muhammad Noman Shafique, Ammar Rashid, Sook Fern Yeo, Umar Adeel<br \/><\/i><\/li><li><a href=\"https:\/\/www.mdpi.com\/1660-3397\/21\/12\/605\" target=\"_blank\" rel=\"noopener\">Current and Expected Trends for the Marine Chitin\/Chitosan and Collagen Value Chains\u00a0<\/a><i>&#8211; Helena Vieira, Gon\u00e7alo Moura Lestre, Runar Gjerp Solstad, Ana Elisa Cabral, Anabela Botelho, Carlos Helbig, Daniela Coppola, Donatella de Pascale, Johan Robbens, Katleen Raes, Kjersti Lian, Kyriaki Tsirtsidou, Miguel C. Leal, Nathalie Scheers, Ricardo Calado, Sofia Corticeiro, Stefan Rasche, Themistoklis Altintzoglou, Yang Zou, Ana I. Lilleb\u00f8<\/i><\/li><\/ul>\t\t\t\t\t\t\t\t<\/div>\n\t\t\t\t<\/div>\n\t\t\t\t\t<\/div>\n\t\t<\/div>\n\t\t\t\t\t<\/div>\n\t\t<\/section>\n\t\t\t\t<\/div>\n\t\t","protected":false},"excerpt":{"rendered":"<p>BESIDE Publications Catalogue of papers published by BESIDE researchers A Systematic Literature Review of Digital Supply Chains and Logistics 4.0 for Sustainability and Circular Economy &#8211; lisabeth T. pereira, Muhammad Noman Shafique, Helena Vieira, Pedro Costa, Jo\u00e3o C.O. Matias and Nina Szcaygiel Marine-derived collagen and chitosan: perspectives on applications using the lens of UN SDGs [&hellip;]<\/p>\n","protected":false},"author":10,"featured_media":0,"parent":0,"menu_order":0,"comment_status":"closed","ping_status":"closed","template":"","meta":{"site-sidebar-layout":"no-sidebar","site-content-layout":"page-builder","ast-site-content-layout":"full-width-container","site-content-style":"default","site-sidebar-style":"default","ast-global-header-display":"","ast-banner-title-visibility":"","ast-main-header-display":"","ast-hfb-above-header-display":"","ast-hfb-below-header-display":"","ast-hfb-mobile-header-display":"","site-post-title":"disabled","ast-breadcrumbs-content":"","ast-featured-img":"disabled","footer-sml-layout":"","theme-transparent-header-meta":"","adv-header-id-meta":"","stick-header-meta":"","header-above-stick-meta":"","header-main-stick-meta":"","header-below-stick-meta":"","astra-migrate-meta-layouts":"default","ast-page-background-enabled":"default","ast-page-background-meta":{"desktop":{"background-color":"var(--ast-global-color-4)","background-image":"","background-repeat":"repeat","background-position":"center center","background-size":"auto","background-attachment":"scroll","background-type":"","background-media":"","overlay-type":"","overlay-color":"","overlay-opacity":"","overlay-gradient":""},"tablet":{"background-color":"","background-image":"","background-repeat":"repeat","background-position":"center center","background-size":"auto","background-attachment":"scroll","background-type":"","background-media":"","overlay-type":"","overlay-color":"","overlay-opacity":"","overlay-gradient":""},"mobile":{"background-color":"","background-image":"","background-repeat":"repeat","background-position":"center center","background-size":"auto","background-attachment":"scroll","background-type":"","background-media":"","overlay-type":"","overlay-color":"","overlay-opacity":"","overlay-gradient":""}},"ast-content-background-meta":{"desktop":{"background-color":"var(--ast-global-color-5)","background-image":"","background-repeat":"repeat","background-position":"center center","background-size":"auto","background-attachment":"scroll","background-type":"","background-media":"","overlay-type":"","overlay-color":"","overlay-opacity":"","overlay-gradient":""},"tablet":{"background-color":"var(--ast-global-color-5)","background-image":"","background-repeat":"repeat","background-position":"center center","background-size":"auto","background-attachment":"scroll","background-type":"","background-media":"","overlay-type":"","overlay-color":"","overlay-opacity":"","overlay-gradient":""},"mobile":{"background-color":"var(--ast-global-color-5)","background-image":"","background-repeat":"repeat","background-position":"center center","background-size":"auto","background-attachment":"scroll","background-type":"","background-media":"","overlay-type":"","overlay-color":"","overlay-opacity":"","overlay-gradient":""}},"footnotes":""},"class_list":["post-4773","page","type-page","status-publish","hentry"],"_links":{"self":[{"href":"https:\/\/beside-project.eu\/index.php\/wp-json\/wp\/v2\/pages\/4773","targetHints":{"allow":["GET"]}}],"collection":[{"href":"https:\/\/beside-project.eu\/index.php\/wp-json\/wp\/v2\/pages"}],"about":[{"href":"https:\/\/beside-project.eu\/index.php\/wp-json\/wp\/v2\/types\/page"}],"author":[{"embeddable":true,"href":"https:\/\/beside-project.eu\/index.php\/wp-json\/wp\/v2\/users\/10"}],"replies":[{"embeddable":true,"href":"https:\/\/beside-project.eu\/index.php\/wp-json\/wp\/v2\/comments?post=4773"}],"version-history":[{"count":40,"href":"https:\/\/beside-project.eu\/index.php\/wp-json\/wp\/v2\/pages\/4773\/revisions"}],"predecessor-version":[{"id":4980,"href":"https:\/\/beside-project.eu\/index.php\/wp-json\/wp\/v2\/pages\/4773\/revisions\/4980"}],"wp:attachment":[{"href":"https:\/\/beside-project.eu\/index.php\/wp-json\/wp\/v2\/media?parent=4773"}],"curies":[{"name":"wp","href":"https:\/\/api.w.org\/{rel}","templated":true}]}}